{"id":280,"date":"2021-10-29T09:26:41","date_gmt":"2021-10-29T09:26:41","guid":{"rendered":"https:\/\/ugv.fberg.tuke.sk\/about-the-constitution\/"},"modified":"2021-11-25T13:02:06","modified_gmt":"2021-11-25T13:02:06","slug":"about-the-constitution","status":"publish","type":"page","link":"https:\/\/ugv.fberg.tuke.sk\/en\/workplace\/about-the-constitution\/","title":{"rendered":"About the Institution"},"content":{"rendered":"\t\t<div data-elementor-type=\"wp-page\" data-elementor-id=\"280\" class=\"elementor elementor-280 elementor-45\" data-elementor-post-type=\"page\">\n\t\t\t\t\t\t<section class=\"elementor-section elementor-top-section elementor-element elementor-element-c601cb0 elementor-section-boxed elementor-section-height-default elementor-section-height-default\" data-id=\"c601cb0\" data-element_type=\"section\">\n\t\t\t\t\t\t<div class=\"elementor-container elementor-column-gap-default\">\n\t\t\t\t\t<div class=\"elementor-column elementor-col-100 elementor-top-column elementor-element elementor-element-e4b02cd\" data-id=\"e4b02cd\" data-element_type=\"column\">\n\t\t\t<div class=\"elementor-widget-wrap elementor-element-populated\">\n\t\t\t\t\t\t<div class=\"elementor-element elementor-element-995035c elementor-widget elementor-widget-text-editor\" data-id=\"995035c\" data-element_type=\"widget\" data-widget_type=\"text-editor.default\">\n\t\t\t\t<div class=\"elementor-widget-container\">\n\t\t\t\t\t\t\t\t\t<p>Hist\u00f3ria s\u00fa\u010dasn\u00e9ho \u00dastavu geovied sa p\u00ed\u0161e od roku 1952, kedy vznikla v Ko\u0161iciach Vysok\u00e1 \u0161kola technick\u00e1 s fakultou \u0165a\u017ek\u00e9ho stroj\u00e1rstva, fakultou hutn\u00edctva a ban\u00edckou fakultou. Prvotn\u00fa Katedru geol\u00f3gie a mineral\u00f3gie ako samostatn\u00e9 pedagogick\u00e9 a vedeck\u00e9 pracovisko tvorili pracovn\u00edci, ktor\u00ed boli presunut\u00ed z katedier zaniknutej Ban\u00edckej fakulty SV\u0160T v Bratislave. Ved\u00facim katedry sa stal RNDr. Vojtech Zorkovsk\u00fd. Nieko\u013eko desiatok rokov bol trend pedagogickej a vedeckej profil\u00e1cie katedry pomerne stabilizovan\u00fd a ur\u010dit\u00e9 zmeny nastali a\u017e v obdob\u00ed po v\u00fdraznej\u0161om \u00fatlme ban\u00edctva a geol\u00f3gie, ale aj vplyvom uplatnenia sa environment\u00e1lnych a geoinforma\u010dn\u00fdch syst\u00e9mov v geol\u00f3gii.<\/p>\n<p>2. j\u00fana 1994 Katedra geol\u00f3gie a mineral\u00f3gie po\u010das konferencie &#8220;Geologick\u00e9 dni J\u00e1na Sl\u00e1vika&#8221; sl\u00e1vnostne otvorila Pavil\u00f3n zbierok a spr\u00edstupnila \u0161tudentom aj verejnosti nov\u00e9 v\u00fdstavn\u00e9 expoz\u00edcie. Otcom my\u0161lienky vytvorenia samostatn\u00e9ho Pavil\u00f3nu zbierok (dne\u0161n\u00e1 Geovedn\u00e1 expoz\u00edcia) bol prof. RNDr. Franti\u0161ek Z\u00e1bransk\u00fd, CSc., ktor\u00fd za \u00fa\u010dinnej spolupr\u00e1ce vtedaj\u0161ieho dekana Fakulty BERG prof. Ing. Vladim\u00edra Vodzinsk\u00e9ho, CSc. a ved\u00faceho KGaM doc. Ing. Tibora Sasv\u00e1riho, CSc. ju dok\u00e1zal realizova\u0165.<\/p>\n<p>V roku 1994 do\u0161lo taktie\u017e k zmene n\u00e1zvu z Ban\u00edckej fakulty na Fakultu ban\u00edctva, ekol\u00f3gie, riadenia a geotechnol\u00f3gi\u00ed (Fakulta BERG). Od roku 1999 fakulta pre\u0161la r\u00f4znymi reorganiz\u00e1ciami, vytvorili sa \u00fastavy a nov\u00e9 katedry. \u010cas\u0165 zamestnancov Katedry geol\u00f3gie a mineral\u00f3gie zalo\u017eila nov\u00e9 pracovisko &#8211; Katedru geopropag\u00e1cie, \u010fal\u0161\u00ed in\u00ed vytvorili Katedru lo\u017eiskovej a aplikovanej geol\u00f3gie.<\/p>\n<p>Napokon Katedra geol\u00f3gie a mineral\u00f3gie, ako aj Katedra lo\u017eiskovej a aplikovanej geol\u00f3gie zanikli pri zmen\u00e1ch \u0161trukt\u00fary celej fakulty a od j\u00fala roku 2007 spolu vytvorili \u00dastav geovied.<\/p>\n<p><strong>\u00dastav geovied (\u00daGV)<\/strong> sa venuje oblastiam z\u00e1kladnej a aplikovanej geol\u00f3gie. Tvor\u00ed ho trojica pracov\u00edsk: samotn\u00fd \u00dastav, Geovedn\u00e1 expoz\u00edcia (v\u00fdstavn\u00fd pavil\u00f3n zbierok miner\u00e1lov, horn\u00edn, skamenel\u00edn) a Arch\u00edv geologick\u00e9ho prieskumu. Odborn\u00ed pracovn\u00edci \u00dastavu geovied sa priebe\u017ene venuj\u00fa pedagogickej \u010dinnosti, ako aj z\u00e1kladn\u00e9mu \u010di aplikovan\u00e9mu geologick\u00e9mu v\u00fdskumu. V kone\u010dnom d\u00f4sledku to napom\u00e1ha aj uv\u00e1dzaniu nov\u00fdch poznatkov do praxe. V\u010faka tomu sa posluch\u00e1\u010di na\u0161ich \u0161tudijn\u00fdch programov u\u010dia o najnov\u0161\u00edch poznatkoch v oblasti z\u00e1kladnej geol\u00f3gie aj o ich sp\u00f4sobe vyu\u017eitia v praxi.<\/p>\n\t\t\t\t\t\t\t\t<\/div>\n\t\t\t\t<\/div>\n\t\t\t\t<div class=\"elementor-element elementor-element-a51a54f elementor-widget elementor-widget-heading\" data-id=\"a51a54f\" data-element_type=\"widget\" data-widget_type=\"heading.default\">\n\t\t\t\t<div class=\"elementor-widget-container\">\n\t\t\t\t\t<h2 class=\"elementor-heading-title elementor-size-default\">Pedagogick\u00e1 \u010dinnos\u0165\n<\/h2>\t\t\t\t<\/div>\n\t\t\t\t<\/div>\n\t\t\t\t<div class=\"elementor-element elementor-element-6800119 elementor-widget elementor-widget-text-editor\" data-id=\"6800119\" data-element_type=\"widget\" data-widget_type=\"text-editor.default\">\n\t\t\t\t<div class=\"elementor-widget-container\">\n\t\t\t\t\t\t\t\t\t<p>\u0160tudentom pon\u00fakame akreditovan\u00e9 <strong>Bakal\u00e1rske \u0161t\u00fadium<\/strong>, <strong>In\u017einierske \u0161t\u00fadium<\/strong> a <strong>Doktorandsk\u00e9 \u0161t\u00fadium<\/strong>.<\/p>\n<p>Ak maj\u00fa \u0161tudenti ve\u013emi dobr\u00e9 \u0161tudijn\u00e9 v\u00fdsledky, dost\u00e1vaj\u00fa mo\u017enos\u0165 pokra\u010dova\u0165 \u010falej na \u00fastave formou intern\u00e9ho doktorandsk\u00e9ho \u0161t\u00fadia. S\u00fa\u010das\u0165ou v\u0161etk\u00fdch \u0161t\u00fadijn\u00fdch programov je ter\u00e9nna v\u00fdu\u010dba a po\u010detn\u00e9 exkurzie nielen na Slovensku, ale aj v zahrani\u010d\u00ed, pri\u010dom vedecko-v\u00fdskumn\u00e9 aktivity sa plne premietaj\u00fa do obsahu na\u0161ich \u0161tudijn\u00fdch programov.<\/p>\n\t\t\t\t\t\t\t\t<\/div>\n\t\t\t\t<\/div>\n\t\t\t\t<div class=\"elementor-element elementor-element-e15c405 elementor-widget elementor-widget-heading\" data-id=\"e15c405\" data-element_type=\"widget\" data-widget_type=\"heading.default\">\n\t\t\t\t<div class=\"elementor-widget-container\">\n\t\t\t\t\t<h2 class=\"elementor-heading-title elementor-size-default\">Vedecko-v\u00fdskumn\u00e1 aktivita<\/h2>\t\t\t\t<\/div>\n\t\t\t\t<\/div>\n\t\t\t\t<div class=\"elementor-element elementor-element-a152725 elementor-widget elementor-widget-text-editor\" data-id=\"a152725\" data-element_type=\"widget\" data-widget_type=\"text-editor.default\">\n\t\t\t\t<div class=\"elementor-widget-container\">\n\t\t\t\t\t\t\t\t\t<p>Vedecko-v\u00fdskumn\u00e1 \u010dinnos\u0165 \u00fastavu je v s\u00fa\u010dasnosti zameran\u00e1 na oblas\u0165 z\u00e1kladn\u00e9ho a aplikovan\u00e9ho v\u00fdskumu, ktor\u00fd v plnej miere odr\u00e1\u017ea potreby nielen na\u0161ej spolo\u010dnosti, ale aj medzin\u00e1rodn\u00e9ho spolo\u010denstva v r\u00e1mci Eur\u00f3py. Mimo z\u00e1kladn\u00e9ho geologick\u00e9ho v\u00fdskumu zameran\u00e9ho na hlbinn\u00fa stavbu Karp\u00e1t a geodynamick\u00e9ho v\u00fdvoja sediment\u00e1rnych baz\u00e9nov, sa zameriava najm\u00e4 na \u0161irok\u00e9 spektrum probl\u00e9mov \u017eivotn\u00e9ho prostredia spojen\u00fdch s hydrogeologick\u00fdmi a in\u017einiersko-geologick\u00fdmi faktormi. V tejto oblasti dominuje problematika svahov\u00fdch deform\u00e1ci\u00ed a in\u00fdch geohazardov, ako aj ochrana podzemn\u00fdch v\u00f4d pred zne\u010disten\u00edm a met\u00f3dy san\u00e1cie ekologick\u00fdch hav\u00e1ri\u00ed. D\u00f4raz sa kladie aj na v\u00fdskum glob\u00e1lnych zmien, vr\u00e1tane klimatick\u00fdch pomerov alebo v\u00fdskumu pr\u00edrodn\u00fdch paleoprostred\u00ed v minulosti. O\u017eiven\u00e9 potreby medzin\u00e1rodnej spolo\u010dnosti s\u00favisiace s \u0165a\u017ebou ropy a plynu sa odrazili aj v poslednej aktivite pracovn\u00edkov katedry v oblasti vyh\u013ead\u00e1vania uh\u013eovod\u00edkov na \u00fazem\u00ed Slovenska.<\/p>\n<p>Vedecko-v\u00fdskumn\u00fa \u010dinnos\u0165 \u00dastavu geovied m\u00f4\u017eno rozdeli\u0165 na 4 z\u00e1kladn\u00e9 oblasti:<\/p>\n<p><strong>Oblas\u0165 udr\u017eate\u013en\u00e9ho rozvoja a ekosyst\u00e9mov<\/strong><\/p>\n<ul>\n<li>Anal\u00fdza pr\u00ed\u010din a predikcia n\u00e1sledkov geohazardov: povodne a svahov\u00e9 deform\u00e1cie,ich geologick\u00e9 pr\u00ed\u010diny, sp\u00f4sob ochrany a san\u00e1cie s prihliadnut\u00edm na najviac ohrozen\u00e9 regi\u00f3ny Slovenska.<\/li>\n<li>In\u017einierska geodynamika v krasovom prostred\u00ed, vlastnosti krasov\u00fdch horn\u00edn, vplyv \u0165a\u017eby nerastn\u00fdch surov\u00edn na krasov\u00e9 prostredie, hodnotenie citlivosti horn\u00edn.<\/li>\n<li>Voda v krasov\u00fdch fenom\u00e9noch &#8211; sk\u00famanie re\u017eimu a bilancia podzemn\u00fdch v\u00f4d.<\/li>\n<li>Zranite\u013enos\u0165 podzemn\u00fdch v\u00f4d, ochrana podzemn\u00fdch v\u00f4d, vplyv zdrojov zne\u010distenia na krasovo &#8211; puklinov\u00e9 vody, hodnotenie hydraulick\u00fdch vlastnost\u00ed krasovo &#8211; puklinov\u00e9ho prostredia.<\/li>\n<li>Hodnotenie z\u00e1sob podzemn\u00fdch v\u00f4d a ich vyu\u017e\u00edvanie pre pitn\u00e9 \u00fa\u010dely.<\/li>\n<li>Anal\u00fdza neotektonick\u00fdch pohybov, ich vz\u0165ah ku s\u00fa\u010dasn\u00fdm zemetrasn\u00fdm z\u00f3nam.<\/li>\n<li>Anal\u00fdza klimatick\u00e9ho z\u00e1znamu v posledn\u00fdch v\u00fdvojov\u00fdch \u0161t\u00e1di\u00e1ch Zeme a predpove\u010f kl\u00edmy pre bl\u00edzku bud\u00facnos\u0165 (pou\u017e\u00edvanie z\u00e1znamu zo sedimentov horsk\u00fdch \u013eadovcov a jaskynn\u00fdch sedimentov).<\/li>\n<\/ul>\n<p><strong>Region\u00e1lne geodynamick\u00e9 \u0161t\u00e1di\u00e1 v\u00fdvoja Zeme, paleoenviroment\u00e1lna anal\u00fdza<\/strong><\/p>\n<ul>\n<li>Anal\u00fdza v\u00fdvoja Z\u00e1padn\u00fdch Karp\u00e1t &#8211; magmatick\u00e9 a metamorfog\u00e9nne pr\u00edpady, tektonosediment\u00e1rny v\u00fdvoj, paleoenviroment\u00e1lne anal\u00fdzy jednotliv\u00fdch \u0161t\u00e1di\u00ed vyp\u013a\u0148ania sediment\u00e1rnych baz\u00e9nov, anal\u00fdzy p\u00f4vodn\u00fdch ekosyst\u00e9mov, tektonick\u00fd v\u00fdvoj v oblasti Z\u00e1padn\u00fdch Karp\u00e1t.<\/li>\n<\/ul>\n<p><strong>Z\u00e1kladn\u00e9 a aplikovan\u00e9 mapy &#8211; geologick\u00e9, hydrogeologick\u00e9 a in\u017einiersko-geologick\u00e9<\/strong><\/p>\n<ul>\n<li>Tvorba m\u00e1p v r\u00f4znych mer\u00edtkach vr\u00e1tane medzin\u00e1rodn\u00fdch m\u00e1p v r\u00e1mci cel\u00e9ho obl\u00faka Karp\u00e1t.<\/li>\n<\/ul>\n<p><strong>Geotechnol\u00f3gie prieskumu a prospekcia nerastn\u00fdch surov\u00edn<br \/><\/strong><\/p>\n<ul>\n<li>Sk\u00famanie lo\u017eiskotvorn\u00fdch procesov nerastn\u00fdch surov\u00edn a ich v\u00fdskyt (lo\u017e\u00edsk r\u00fad, ner\u00fad, drah\u00fdch a dekora\u010dn\u00fdch kame\u0148ov, hrub\u00e9ho a stavebn\u00e9ho kame\u0148a a kaustobiolitov v Z\u00e1padn\u00fdch Karpatoch a in\u00fdch oblastiach sveta).<\/li>\n<li>Aplikovan\u00e1 \u0161trukt\u00farna geol\u00f3gia lo\u017eiskov\u00fdch pol\u00ed (\u0161t\u00fadium \u0161trukt\u00farno-tektonick\u00fdch, paleonap\u00e4\u0165ov\u00fdch a stabilitn\u00fdch pomerov horninov\u00e9ho mas\u00edvu na lo\u017eisk\u00e1ch nerastn\u00fdch surov\u00edn).<\/li>\n<li>Aplik\u00e1cie nerastn\u00fdch surov\u00edn v priemysle a po\u013enohospod\u00e1rstve.<\/li>\n<li>Aplikovan\u00e1 geofyzika (\u0161t\u00fadium geofyzik\u00e1lnych pol\u00ed a karot\u00e1\u017e lo\u017eiskotvorn\u00fdch oblast\u00ed, geofyzik\u00e1lny v\u00fdskum a prieskum v oblasti in\u017einierskej geol\u00f3gii, hydrogeol\u00f3gii a \u017eivotn\u00e9ho prostredia, zis\u0165ovanie rad\u00f3nov\u00e9ho rizika na lo\u017eisk\u00e1ch nerastn\u00fdch surov\u00edn, pri hodnoten\u00ed \u017eivotn\u00e9ho prostredia).<\/li>\n<li>Geologicko-lo\u017eiskov\u00e9 aspekty vyu\u017eite\u013en\u00e9 pri komplexnej technol\u00f3gii sply\u0148ovania uho\u013en\u00fdch lo\u017e\u00edsk.<\/li>\n<li>In\u017einierska geol\u00f3gia (in\u017einiersko-geologick\u00e9, p\u00f4domechanick\u00e9 a v\u00fdskumy stability horninov\u00e9ho mas\u00edvu, in\u017einiersko-geologick\u00e9 rie\u0161enie \u00falo\u017eiska odpadov\u00e9ho hospod\u00e1rstva, \u0161t\u00fadium vplyvu likvid\u00e1cie ban\u00ed na hydrogeologick\u00e9 pomery, kvalitu podzemn\u00fdch a povrchov\u00fdch v\u00f4d).<\/li>\n<li>Vyh\u013ead\u00e1vanie lo\u017e\u00edsk uh\u013eovod\u00edkov.<\/li>\n<li>Vyh\u013ead\u00e1vanie nerudn\u00fdch nerastn\u00fdch surov\u00edn.<\/li>\n<\/ul>\n\t\t\t\t\t\t\t\t<\/div>\n\t\t\t\t<\/div>\n\t\t\t\t\t<\/div>\n\t\t<\/div>\n\t\t\t\t\t<\/div>\n\t\t<\/section>\n\t\t\t\t<\/div>\n\t\t","protected":false},"excerpt":{"rendered":"<p>Hist\u00f3ria s\u00fa\u010dasn\u00e9ho \u00dastavu geovied sa p\u00ed\u0161e od roku 1952, kedy vznikla v Ko\u0161iciach Vysok\u00e1 \u0161kola technick\u00e1 s fakultou \u0165a\u017ek\u00e9ho stroj\u00e1rstva, fakultou hutn\u00edctva a ban\u00edckou fakultou. Prvotn\u00fa Katedru geol\u00f3gie a mineral\u00f3gie ako samostatn\u00e9 pedagogick\u00e9 a vedeck\u00e9 pracovisko tvorili pracovn\u00edci, ktor\u00ed boli presunut\u00ed z katedier zaniknutej Ban\u00edckej fakulty SV\u0160T v Bratislave. Ved\u00facim katedry sa stal RNDr. Vojtech [&hellip;]<\/p>\n","protected":false},"author":7,"featured_media":0,"parent":281,"menu_order":0,"comment_status":"closed","ping_status":"closed","template":"","meta":{"footnotes":""},"class_list":["post-280","page","type-page","status-publish","hentry"],"_links":{"self":[{"href":"https:\/\/ugv.fberg.tuke.sk\/en\/wp-json\/wp\/v2\/pages\/280","targetHints":{"allow":["GET"]}}],"collection":[{"href":"https:\/\/ugv.fberg.tuke.sk\/en\/wp-json\/wp\/v2\/pages"}],"about":[{"href":"https:\/\/ugv.fberg.tuke.sk\/en\/wp-json\/wp\/v2\/types\/page"}],"author":[{"embeddable":true,"href":"https:\/\/ugv.fberg.tuke.sk\/en\/wp-json\/wp\/v2\/users\/7"}],"replies":[{"embeddable":true,"href":"https:\/\/ugv.fberg.tuke.sk\/en\/wp-json\/wp\/v2\/comments?post=280"}],"version-history":[{"count":4,"href":"https:\/\/ugv.fberg.tuke.sk\/en\/wp-json\/wp\/v2\/pages\/280\/revisions"}],"predecessor-version":[{"id":1490,"href":"https:\/\/ugv.fberg.tuke.sk\/en\/wp-json\/wp\/v2\/pages\/280\/revisions\/1490"}],"up":[{"embeddable":true,"href":"https:\/\/ugv.fberg.tuke.sk\/en\/wp-json\/wp\/v2\/pages\/281"}],"wp:attachment":[{"href":"https:\/\/ugv.fberg.tuke.sk\/en\/wp-json\/wp\/v2\/media?parent=280"}],"curies":[{"name":"wp","href":"https:\/\/api.w.org\/{rel}","templated":true}]}}