{"id":278,"date":"2021-10-29T09:26:32","date_gmt":"2021-10-29T09:26:32","guid":{"rendered":"https:\/\/ugv.fberg.tuke.sk\/projects\/"},"modified":"2022-01-10T13:13:44","modified_gmt":"2022-01-10T13:13:44","slug":"projects","status":"publish","type":"page","link":"https:\/\/ugv.fberg.tuke.sk\/en\/projects\/","title":{"rendered":"Projects"},"content":{"rendered":"\t\t<div data-elementor-type=\"wp-page\" data-elementor-id=\"278\" class=\"elementor elementor-278 elementor-59\" data-elementor-post-type=\"page\">\n\t\t\t\t\t\t<section class=\"elementor-section elementor-top-section elementor-element elementor-element-d99b8f7 elementor-section-boxed elementor-section-height-default elementor-section-height-default\" data-id=\"d99b8f7\" data-element_type=\"section\">\n\t\t\t\t\t\t<div class=\"elementor-container elementor-column-gap-default\">\n\t\t\t\t\t<div class=\"elementor-column elementor-col-50 elementor-top-column elementor-element elementor-element-25724d1\" data-id=\"25724d1\" data-element_type=\"column\">\n\t\t\t<div class=\"elementor-widget-wrap elementor-element-populated\">\n\t\t\t\t\t\t<div class=\"elementor-element elementor-element-20eda17 elementor-widget elementor-widget-image\" data-id=\"20eda17\" data-element_type=\"widget\" data-widget_type=\"image.default\">\n\t\t\t\t<div class=\"elementor-widget-container\">\n\t\t\t\t\t\t\t\t\t\t\t\t\t\t\t<img fetchpriority=\"high\" decoding=\"async\" width=\"1651\" height=\"786\" src=\"https:\/\/ugv.fberg.tuke.sk\/wp-content\/uploads\/2021\/11\/briefcase-na-ugv-web.jpg\" class=\"attachment-full size-full wp-image-1560\" alt=\"\" srcset=\"https:\/\/ugv.fberg.tuke.sk\/wp-content\/uploads\/2021\/11\/briefcase-na-ugv-web.jpg 1651w, https:\/\/ugv.fberg.tuke.sk\/wp-content\/uploads\/2021\/11\/briefcase-na-ugv-web-300x143.jpg 300w, https:\/\/ugv.fberg.tuke.sk\/wp-content\/uploads\/2021\/11\/briefcase-na-ugv-web-1024x488.jpg 1024w, https:\/\/ugv.fberg.tuke.sk\/wp-content\/uploads\/2021\/11\/briefcase-na-ugv-web-768x366.jpg 768w, https:\/\/ugv.fberg.tuke.sk\/wp-content\/uploads\/2021\/11\/briefcase-na-ugv-web-1536x731.jpg 1536w\" sizes=\"(max-width: 1651px) 100vw, 1651px\" \/>\t\t\t\t\t\t\t\t\t\t\t\t\t\t\t<\/div>\n\t\t\t\t<\/div>\n\t\t\t\t<div class=\"elementor-element elementor-element-975726f elementor-widget elementor-widget-heading\" data-id=\"975726f\" data-element_type=\"widget\" data-widget_type=\"heading.default\">\n\t\t\t\t<div class=\"elementor-widget-container\">\n\t\t\t\t\t<h2 class=\"elementor-heading-title elementor-size-default\">3D Briefcase<\/h2>\t\t\t\t<\/div>\n\t\t\t\t<\/div>\n\t\t\t\t<div class=\"elementor-element elementor-element-7b759b7 elementor-widget elementor-widget-text-editor\" data-id=\"7b759b7\" data-element_type=\"widget\" data-widget_type=\"text-editor.default\">\n\t\t\t\t<div class=\"elementor-widget-container\">\n\t\t\t\t\t\t\t\t\t<p>Projekt 3D Briefcase je eduka\u010dn\u00fd projekt, ktor\u00e9ho snahou je pribl\u00ed\u017ei\u0165 t\u00e9mu miner\u00e1lov a ban\u00edctva \u0161irokej verejnosti. Briefcase (kufr\u00edk) je vzdel\u00e1vac\u00ed n\u00e1stroj ur\u010den\u00fd najm\u00e4 pre \u017eiakov a \u0161tudentov z\u00e1kladn\u00fdch a stredn\u00fdch \u0161k\u00f4l, ktor\u00fd vyu\u017e\u00edva praktick\u00e9 u\u010debn\u00e9 strat\u00e9gie, aby informoval o d\u00f4le\u017eitej \u00falohe nerastn\u00fdch surov\u00edn v ka\u017edodennom \u017eivote. Prostredn\u00edctvom inovat\u00edvnych vzdel\u00e1vac\u00edch n\u00e1strojov sa \u0161tudenti priamo zap\u00e1jaj\u00fa do u\u010debn\u00e9ho procesu, \u010d\u00edm sa zvy\u0161uje potenci\u00e1l lep\u0161ieho zapam\u00e4tania si obsahu. Viac o projekte a jeho v\u00fdstupoch si m\u00f4\u017eete pre\u010d\u00edta\u0165 <a href=\"https:\/\/ugv.fberg.tuke.sk\/wp-content\/uploads\/2021\/11\/Brozurka-o-projekte.pdf\">v tejto bro\u017e\u00farke<\/a>. V\u0161etky d\u00f4le\u017eit\u00e9 inform\u00e1cie sa do\u010d\u00edtate na t\u00fdchto odkazoch:\u00a0<\/p>\n<ul>\n<li><a href=\"http:\/\/briefcase.eitrawmaterials.eu\" target=\"_blank\" rel=\"noopener\">http:\/\/briefcase.eitrawmaterials.eu<\/a><\/li>\n<li><a href=\"http:\/\/facebook.com\/thebriefcaseSlovakia\" target=\"_blank\" rel=\"noopener\">http:\/\/facebook.com\/thebriefcaseSlovakia<\/a><\/li>\n<li><a href=\"http:\/\/www.thebriefcasegame.eu\" target=\"_blank\" rel=\"noopener\">http:\/\/www.thebriefcasegame.eu\u00a0<\/a>(online hra)<\/li>\n<\/ul>\n\t\t\t\t\t\t\t\t<\/div>\n\t\t\t\t<\/div>\n\t\t\t\t\t<\/div>\n\t\t<\/div>\n\t\t\t\t<div class=\"elementor-column elementor-col-50 elementor-top-column elementor-element elementor-element-40ef64b\" data-id=\"40ef64b\" data-element_type=\"column\">\n\t\t\t<div class=\"elementor-widget-wrap elementor-element-populated\">\n\t\t\t\t\t\t<div class=\"elementor-element elementor-element-c582009 elementor-widget elementor-widget-image\" data-id=\"c582009\" data-element_type=\"widget\" data-widget_type=\"image.default\">\n\t\t\t\t<div class=\"elementor-widget-container\">\n\t\t\t\t\t\t\t\t\t\t\t\t\t\t\t<img decoding=\"async\" width=\"768\" height=\"576\" src=\"https:\/\/ugv.fberg.tuke.sk\/wp-content\/uploads\/2022\/01\/IMG_20201022_112020-768x576.jpg\" class=\"attachment-medium_large size-medium_large wp-image-2064\" alt=\"\" srcset=\"https:\/\/ugv.fberg.tuke.sk\/wp-content\/uploads\/2022\/01\/IMG_20201022_112020-768x576.jpg 768w, https:\/\/ugv.fberg.tuke.sk\/wp-content\/uploads\/2022\/01\/IMG_20201022_112020-300x225.jpg 300w, https:\/\/ugv.fberg.tuke.sk\/wp-content\/uploads\/2022\/01\/IMG_20201022_112020-1024x768.jpg 1024w, https:\/\/ugv.fberg.tuke.sk\/wp-content\/uploads\/2022\/01\/IMG_20201022_112020-1536x1152.jpg 1536w, https:\/\/ugv.fberg.tuke.sk\/wp-content\/uploads\/2022\/01\/IMG_20201022_112020-2048x1536.jpg 2048w\" sizes=\"(max-width: 768px) 100vw, 768px\" \/>\t\t\t\t\t\t\t\t\t\t\t\t\t\t\t<\/div>\n\t\t\t\t<\/div>\n\t\t\t\t<div class=\"elementor-element elementor-element-207d605 elementor-widget elementor-widget-heading\" data-id=\"207d605\" data-element_type=\"widget\" data-widget_type=\"heading.default\">\n\t\t\t\t<div class=\"elementor-widget-container\">\n\t\t\t\t\t<h2 class=\"elementor-heading-title elementor-size-large\">MineTALC. \nBackfill Mining Optimisation for Low- and Medium- Strength Deposits<\/h2>\t\t\t\t<\/div>\n\t\t\t\t<\/div>\n\t\t\t\t<div class=\"elementor-element elementor-element-6ae54c0 elementor-widget elementor-widget-text-editor\" data-id=\"6ae54c0\" data-element_type=\"widget\" data-widget_type=\"text-editor.default\">\n\t\t\t\t<div class=\"elementor-widget-container\">\n\t\t\t\t\t\t\t\t\t<p><span lang=\"sk\">Projekt operat\u00edvne v praxi over\u00ed prelomov\u00fd \u0165a\u017eobn\u00fd a z\u00e1kladkov\u00fd syst\u00e9m umo\u017e\u0148uj\u00faci ekonomicky \u017eivotaschopn\u00fa, environment\u00e1lne udr\u017eate\u013en\u00fa\u00a0<\/span><span lang=\"sk\" style=\"font-size: 1rem;\">a spolo\u010densky akceptovan\u00fa \u0165a\u017ebu nerastn\u00fdch surov\u00edn z n\u00edzko a stredne poru\u0161en\u00fdch lo\u017e\u00edsk.<\/span><span lang=\"sk\" style=\"font-size: 1rem;\">\u00a0<\/span><span lang=\"sk\" style=\"font-size: 1rem;\">Syst\u00e9m bude integrova\u0165 tri inovovan\u00e9 technol\u00f3gie pripraven\u00e9 na uvedenie na trh (pou\u017eit\u00e9 samostatne alebo ako komplexn\u00fd syst\u00e9m \u0165a\u017eby a zakladania). <\/span><span lang=\"sk\" style=\"font-size: 1rem;\">Na\u0161ou \u00falohou je:\u00a0<\/span><\/p>\n<ul>\n<li>identifik\u00e1cia a verifik\u00e1cia \u0161trukt\u00farno-geologickej stavby v podzem\u00ed naf\u00e1ran\u00e9ho lo\u017eiskov\u00e9ho telesa talku Gemersk\u00e1 Poloma<\/li>\n<li>identifik\u00e1cia a lokaliz\u00e1cia jednotliv\u00fdch lo\u017eiskov\u00fdch text\u00far a \u0161trukt\u00far pre \u00fa\u010dely \u00fapravy a zv\u00fd\u0161enia v\u00fd\u0165a\u017enosti nerastnej suroviny<\/li>\n<\/ul>\n\t\t\t\t\t\t\t\t<\/div>\n\t\t\t\t<\/div>\n\t\t\t\t\t<\/div>\n\t\t<\/div>\n\t\t\t\t\t<\/div>\n\t\t<\/section>\n\t\t\t\t<section class=\"elementor-section elementor-top-section elementor-element elementor-element-071d91b elementor-section-boxed elementor-section-height-default elementor-section-height-default\" data-id=\"071d91b\" data-element_type=\"section\">\n\t\t\t\t\t\t<div class=\"elementor-container elementor-column-gap-default\">\n\t\t\t\t\t<div class=\"elementor-column elementor-col-50 elementor-top-column elementor-element elementor-element-b8b6324\" data-id=\"b8b6324\" data-element_type=\"column\">\n\t\t\t<div class=\"elementor-widget-wrap elementor-element-populated\">\n\t\t\t\t\t\t<section class=\"elementor-section elementor-inner-section elementor-element elementor-element-d4ed89c elementor-section-boxed elementor-section-height-default elementor-section-height-default\" data-id=\"d4ed89c\" data-element_type=\"section\">\n\t\t\t\t\t\t<div class=\"elementor-container elementor-column-gap-default\">\n\t\t\t\t\t<div class=\"elementor-column elementor-col-50 elementor-inner-column elementor-element elementor-element-6b218ab\" data-id=\"6b218ab\" data-element_type=\"column\">\n\t\t\t<div class=\"elementor-widget-wrap elementor-element-populated\">\n\t\t\t\t\t\t<div class=\"elementor-element elementor-element-d318edf elementor-widget elementor-widget-image\" data-id=\"d318edf\" data-element_type=\"widget\" data-widget_type=\"image.default\">\n\t\t\t\t<div class=\"elementor-widget-container\">\n\t\t\t\t\t\t\t\t\t\t\t\t\t\t\t<img decoding=\"async\" width=\"768\" height=\"1024\" src=\"https:\/\/ugv.fberg.tuke.sk\/wp-content\/uploads\/2022\/01\/IMG_20211112_102126-768x1024.jpg\" class=\"attachment-large size-large wp-image-2065\" alt=\"\" srcset=\"https:\/\/ugv.fberg.tuke.sk\/wp-content\/uploads\/2022\/01\/IMG_20211112_102126-768x1024.jpg 768w, https:\/\/ugv.fberg.tuke.sk\/wp-content\/uploads\/2022\/01\/IMG_20211112_102126-225x300.jpg 225w, https:\/\/ugv.fberg.tuke.sk\/wp-content\/uploads\/2022\/01\/IMG_20211112_102126-1152x1536.jpg 1152w, https:\/\/ugv.fberg.tuke.sk\/wp-content\/uploads\/2022\/01\/IMG_20211112_102126-1536x2048.jpg 1536w, https:\/\/ugv.fberg.tuke.sk\/wp-content\/uploads\/2022\/01\/IMG_20211112_102126-scaled.jpg 1920w\" sizes=\"(max-width: 768px) 100vw, 768px\" \/>\t\t\t\t\t\t\t\t\t\t\t\t\t\t\t<\/div>\n\t\t\t\t<\/div>\n\t\t\t\t\t<\/div>\n\t\t<\/div>\n\t\t\t\t<div class=\"elementor-column elementor-col-50 elementor-inner-column elementor-element elementor-element-0b7fd0c\" data-id=\"0b7fd0c\" data-element_type=\"column\">\n\t\t\t<div class=\"elementor-widget-wrap elementor-element-populated\">\n\t\t\t\t\t\t<div class=\"elementor-element elementor-element-4a8bad9 elementor-widget elementor-widget-heading\" data-id=\"4a8bad9\" data-element_type=\"widget\" data-widget_type=\"heading.default\">\n\t\t\t\t<div class=\"elementor-widget-container\">\n\t\t\t\t\t<h2 class=\"elementor-heading-title elementor-size-medium\">V\u00fdskum aplik\u00e1cie milisekundov\u00e9ho \u010dasovania na zni\u017eovanie negat\u00edvnych \u00fa\u010dinkov seizmick\u00fdch v\u013an generovan\u00fdch v\u00fdbuchom<\/h2>\t\t\t\t<\/div>\n\t\t\t\t<\/div>\n\t\t\t\t<div class=\"elementor-element elementor-element-778648e elementor-widget elementor-widget-text-editor\" data-id=\"778648e\" data-element_type=\"widget\" data-widget_type=\"text-editor.default\">\n\t\t\t\t<div class=\"elementor-widget-container\">\n\t\t\t\t\t\t\t\t\t<p>Ciele grantu s\u00fa zameran\u00e9 na stanovenie milisekundov\u00e9ho \u010dasovania odstrelov pre r\u00f4zne typy horninov\u00e9ho prostredia, r\u00f4zne kon\u0161trukcie n\u00e1lo\u017e\u00ed a r\u00f4zne technicko-technologick\u00e9 postupy trhac\u00edch pr\u00e1c bansk\u00fdch prev\u00e1dzok so zabezpe\u010den\u00edm \u010do najni\u017e\u0161\u00edch maxim\u00e1lne mo\u017en\u00fdch \u00fa\u010dinkov vibr\u00e1ci\u00ed na environment.<\/p>\n\t\t\t\t\t\t\t\t<\/div>\n\t\t\t\t<\/div>\n\t\t\t\t\t<\/div>\n\t\t<\/div>\n\t\t\t\t\t<\/div>\n\t\t<\/section>\n\t\t\t\t\t<\/div>\n\t\t<\/div>\n\t\t\t\t<div class=\"elementor-column elementor-col-50 elementor-top-column elementor-element elementor-element-6800d7f\" data-id=\"6800d7f\" data-element_type=\"column\">\n\t\t\t<div class=\"elementor-widget-wrap\">\n\t\t\t\t\t\t\t<\/div>\n\t\t<\/div>\n\t\t\t\t\t<\/div>\n\t\t<\/section>\n\t\t\t\t<\/div>\n\t\t","protected":false},"excerpt":{"rendered":"<p>3D Briefcase Projekt 3D Briefcase je eduka\u010dn\u00fd projekt, ktor\u00e9ho snahou je pribl\u00ed\u017ei\u0165 t\u00e9mu miner\u00e1lov a ban\u00edctva \u0161irokej verejnosti. Briefcase (kufr\u00edk) je vzdel\u00e1vac\u00ed n\u00e1stroj ur\u010den\u00fd najm\u00e4 pre \u017eiakov a \u0161tudentov z\u00e1kladn\u00fdch a stredn\u00fdch \u0161k\u00f4l, ktor\u00fd vyu\u017e\u00edva praktick\u00e9 u\u010debn\u00e9 strat\u00e9gie, aby informoval o d\u00f4le\u017eitej \u00falohe nerastn\u00fdch surov\u00edn v ka\u017edodennom \u017eivote. Prostredn\u00edctvom inovat\u00edvnych vzdel\u00e1vac\u00edch n\u00e1strojov sa \u0161tudenti priamo [&hellip;]<\/p>\n","protected":false},"author":7,"featured_media":0,"parent":0,"menu_order":0,"comment_status":"closed","ping_status":"closed","template":"","meta":{"footnotes":""},"class_list":["post-278","page","type-page","status-publish","hentry"],"_links":{"self":[{"href":"https:\/\/ugv.fberg.tuke.sk\/en\/wp-json\/wp\/v2\/pages\/278","targetHints":{"allow":["GET"]}}],"collection":[{"href":"https:\/\/ugv.fberg.tuke.sk\/en\/wp-json\/wp\/v2\/pages"}],"about":[{"href":"https:\/\/ugv.fberg.tuke.sk\/en\/wp-json\/wp\/v2\/types\/page"}],"author":[{"embeddable":true,"href":"https:\/\/ugv.fberg.tuke.sk\/en\/wp-json\/wp\/v2\/users\/7"}],"replies":[{"embeddable":true,"href":"https:\/\/ugv.fberg.tuke.sk\/en\/wp-json\/wp\/v2\/comments?post=278"}],"version-history":[{"count":19,"href":"https:\/\/ugv.fberg.tuke.sk\/en\/wp-json\/wp\/v2\/pages\/278\/revisions"}],"predecessor-version":[{"id":2057,"href":"https:\/\/ugv.fberg.tuke.sk\/en\/wp-json\/wp\/v2\/pages\/278\/revisions\/2057"}],"wp:attachment":[{"href":"https:\/\/ugv.fberg.tuke.sk\/en\/wp-json\/wp\/v2\/media?parent=278"}],"curies":[{"name":"wp","href":"https:\/\/api.w.org\/{rel}","templated":true}]}}